{"id":10968,"date":"2021-03-13T11:15:16","date_gmt":"2021-03-13T11:15:16","guid":{"rendered":"https:\/\/tligradio.org\/about\/sprid-sant-liv-i-gud-radio\/"},"modified":"2021-03-14T13:02:44","modified_gmt":"2021-03-14T13:02:44","slug":"sprid-sant-liv-i-gud-radio","status":"publish","type":"page","link":"https:\/\/tligradio.org\/sv\/about\/sprid-sant-liv-i-gud-radio\/","title":{"rendered":"Sprid Sant Liv i Gud Radio"},"content":{"rendered":"<ul>\n<li>Logga in p\u00e5 dina favoriter bland sociala n\u00e4tverk (FaceBook, Twitter, etc.) och bjud in dina v\u00e4nner att lyssna p\u00e5 Sant Liv i Gud Radio.<\/li>\n<li>Skicka Radio Cards till dina v\u00e4nner. Radio Cards m\u00e5ste inneh\u00e5lla namnet \u201cSant Liv i Gud Radio\u201d och webb-adressen \u201c<a href=\"http:\/\/www.tligradio.org\">www.tligradio.org<\/a>\u201d.<\/li>\n<li>Komplettera din email signatur: L\u00e4gg till en l\u00e4nk till Sant Liv i Gud Radio i din signatur. Till exempel skulle din signatur kunna inneh\u00e5lla: Tona in p\u00e5 kanalen Sant Liv i Gud Radio station <a href=\"http:\/\/www.tligradio.org\">www.tligradio.org<\/a>.<\/li>\n<li>Skapa och underh\u00e5ll en maillista och skicka ut regelbundna uppdateringar f\u00f6r att informera om vad du h\u00e5ller p\u00e5 med och f\u00f6r att \u00f6ka intresset att lyssna till Sant Liv i Gud Radio. OBS: de flesta personer gillar inte att l\u00e4sa l\u00e5nga e-mail, s\u00e5 h\u00e5ll dem s\u00e5 korta som m\u00f6jligt!<\/li>\n<li>Skapa reklamtryck: F\u00e4st adressen <a href=\"http:\/\/www.tligradio.org\">www.tligradio.org<\/a> p\u00e5 stickers, t-shirts, flygblad, pennor, etc\u00a0och dela ut dessa till olika personer.<\/li>\n<li>Kontakta lokalmedia: Tidningar och tv-stationer brukar uppskatta bidrag. L\u00e5t de f\u00e5 reda p\u00e5 vem du \u00e4r och varf\u00f6r du gillar Sant Liv i Gud Radio. \u00c4r du en frivilligarbetare \u00e5t Sant Liv i Gud Radio? Skicka d\u00e5 en bild av dig sj\u00e4lv i ditt arbete!<\/li>\n<\/ul>\n","protected":false},"excerpt":{"rendered":"<p>Logga in p\u00e5 dina favoriter bland sociala n\u00e4tverk (FaceBook, Twitter, etc.) och bjud in dina v\u00e4nner att lyssna p\u00e5 Sant Liv i Gud Radio. Skicka Radio Cards till dina v\u00e4nner. Radio Cards m\u00e5ste inneh\u00e5lla namnet  [&#8230;]<\/p>\n","protected":false},"author":48,"featured_media":0,"parent":10927,"menu_order":0,"comment_status":"closed","ping_status":"closed","template":"","meta":{"jetpack_post_was_ever_published":false,"footnotes":""},"class_list":["post-10968","page","type-page","status-publish","hentry"],"aioseo_notices":[],"jetpack_sharing_enabled":true,"_links":{"self":[{"href":"https:\/\/tligradio.org\/sv\/wp-json\/wp\/v2\/pages\/10968","targetHints":{"allow":["GET"]}}],"collection":[{"href":"https:\/\/tligradio.org\/sv\/wp-json\/wp\/v2\/pages"}],"about":[{"href":"https:\/\/tligradio.org\/sv\/wp-json\/wp\/v2\/types\/page"}],"author":[{"embeddable":true,"href":"https:\/\/tligradio.org\/sv\/wp-json\/wp\/v2\/users\/48"}],"replies":[{"embeddable":true,"href":"https:\/\/tligradio.org\/sv\/wp-json\/wp\/v2\/comments?post=10968"}],"version-history":[{"count":0,"href":"https:\/\/tligradio.org\/sv\/wp-json\/wp\/v2\/pages\/10968\/revisions"}],"up":[{"embeddable":true,"href":"https:\/\/tligradio.org\/sv\/wp-json\/wp\/v2\/pages\/10927"}],"wp:attachment":[{"href":"https:\/\/tligradio.org\/sv\/wp-json\/wp\/v2\/media?parent=10968"}],"curies":[{"name":"wp","href":"https:\/\/api.w.org\/{rel}","templated":true}]}}