{"id":10927,"date":"2021-03-13T10:40:57","date_gmt":"2021-03-13T10:40:57","guid":{"rendered":"https:\/\/tligradio.org\/about\/"},"modified":"2021-03-14T19:55:32","modified_gmt":"2021-03-14T19:55:32","slug":"about","status":"publish","type":"page","link":"https:\/\/tligradio.org\/sv\/about\/","title":{"rendered":"Om oss"},"content":{"rendered":"<div class=\"fusion-fullwidth fullwidth-box fusion-builder-row-1 fusion-flex-container nonhundred-percent-fullwidth non-hundred-percent-height-scrolling\" style=\"--awb-border-radius-top-left:0px;--awb-border-radius-top-right:0px;--awb-border-radius-bottom-right:0px;--awb-border-radius-bottom-left:0px;--awb-flex-wrap:wrap;\" ><div class=\"fusion-builder-row fusion-row fusion-flex-align-items-flex-start fusion-flex-content-wrap\" style=\"max-width:998.4px;margin-left: calc(-4% \/ 2 );margin-right: calc(-4% \/ 2 );\"><div class=\"fusion-layout-column fusion_builder_column fusion-builder-column-0 fusion_builder_column_1_1 1_1 fusion-flex-column\" style=\"--awb-bg-size:cover;--awb-width-large:100%;--awb-margin-top-large:0px;--awb-spacing-right-large:1.92%;--awb-margin-bottom-large:0px;--awb-spacing-left-large:1.92%;--awb-width-medium:100%;--awb-spacing-right-medium:1.92%;--awb-spacing-left-medium:1.92%;--awb-width-small:100%;--awb-spacing-right-small:1.92%;--awb-spacing-left-small:1.92%;\"><div class=\"fusion-column-wrapper fusion-flex-justify-content-flex-start fusion-content-layout-column\"><div class=\"fusion-text fusion-text-1\"><p>Sant Liv i Gud Radio b\u00f6rjade s\u00e4nda internet-radio i juli 2004. Det \u00e4r en icke-komersiell kristen radiokanal som underst\u00f6ds av frivilliga medarbetare, och syftet \u00e4r att sprida Sant Liv i Gud, de budskap som <a href=\"https:\/\/tligradio.org\/sv\/vem-ar-vassula\/\">Vassula Ryden<\/a> har mottagit fr\u00e5n Gud sedan 1985.<\/p>\n<blockquote>\n<p>Den 30 juni 1990 talade Herren och sade: \u201c\u2026radios\u00e4nd Mitt Budskap; kom, Jag skall ge dig resurser f\u00f6r att sprida Mitt Budskap; Jag skall t\u00e4cka varje behov n\u00e4r tiden \u00e4r inne; blomma, sprid Min r\u00f6kelsedoft utomlands;\u201d<\/p>\n<\/blockquote>\n<p>Vassula s\u00e4ger om Budskapen: \u201dGenom de inspirerade orden f\u00e5r l\u00e4sarna l\u00e4ra k\u00e4nna Gud och f\u00f6rst\u00e5 Honom. M\u00e5nga tror p\u00e5 Gud men k\u00e4nner inte Gud, och budskapen uppmuntrar oss till f\u00f6rtrolig gemenskap med Gud, vilket leder oss till ett liv i f\u00f6rening med Honom. F\u00f6renade genom den Helige Ande i Kristus, ombeds de troende att leva ett och samma liv, Kristus-livet\u201d.<\/p>\n<\/div><\/div><\/div><\/div><\/div>\n","protected":false},"excerpt":{"rendered":"","protected":false},"author":48,"featured_media":0,"parent":0,"menu_order":0,"comment_status":"closed","ping_status":"closed","template":"","meta":{"jetpack_post_was_ever_published":false,"footnotes":""},"class_list":["post-10927","page","type-page","status-publish","hentry"],"aioseo_notices":[],"jetpack_sharing_enabled":true,"_links":{"self":[{"href":"https:\/\/tligradio.org\/sv\/wp-json\/wp\/v2\/pages\/10927","targetHints":{"allow":["GET"]}}],"collection":[{"href":"https:\/\/tligradio.org\/sv\/wp-json\/wp\/v2\/pages"}],"about":[{"href":"https:\/\/tligradio.org\/sv\/wp-json\/wp\/v2\/types\/page"}],"author":[{"embeddable":true,"href":"https:\/\/tligradio.org\/sv\/wp-json\/wp\/v2\/users\/48"}],"replies":[{"embeddable":true,"href":"https:\/\/tligradio.org\/sv\/wp-json\/wp\/v2\/comments?post=10927"}],"version-history":[{"count":0,"href":"https:\/\/tligradio.org\/sv\/wp-json\/wp\/v2\/pages\/10927\/revisions"}],"wp:attachment":[{"href":"https:\/\/tligradio.org\/sv\/wp-json\/wp\/v2\/media?parent=10927"}],"curies":[{"name":"wp","href":"https:\/\/api.w.org\/{rel}","templated":true}]}}