{"id":12061,"date":"2021-03-17T19:04:34","date_gmt":"2021-03-17T19:04:34","guid":{"rendered":"https:\/\/tligradio.org\/about\/"},"modified":"2021-03-17T19:04:39","modified_gmt":"2021-03-17T19:04:39","slug":"about","status":"publish","type":"page","link":"https:\/\/tligradio.org\/pt-pt\/about\/","title":{"rendered":"About"},"content":{"rendered":"<div class=\"fusion-fullwidth fullwidth-box fusion-builder-row-1 fusion-flex-container nonhundred-percent-fullwidth non-hundred-percent-height-scrolling\" style=\"--awb-border-radius-top-left:0px;--awb-border-radius-top-right:0px;--awb-border-radius-bottom-right:0px;--awb-border-radius-bottom-left:0px;--awb-flex-wrap:wrap;\" ><div class=\"fusion-builder-row fusion-row fusion-flex-align-items-flex-start fusion-flex-content-wrap\" style=\"max-width:998.4px;margin-left: calc(-4% \/ 2 );margin-right: calc(-4% \/ 2 );\"><div class=\"fusion-layout-column fusion_builder_column fusion-builder-column-0 fusion_builder_column_1_1 1_1 fusion-flex-column\" style=\"--awb-bg-size:cover;--awb-width-large:100%;--awb-margin-top-large:0px;--awb-spacing-right-large:1.92%;--awb-margin-bottom-large:0px;--awb-spacing-left-large:1.92%;--awb-width-medium:100%;--awb-spacing-right-medium:1.92%;--awb-spacing-left-medium:1.92%;--awb-width-small:100%;--awb-spacing-right-small:1.92%;--awb-spacing-left-small:1.92%;\"><div class=\"fusion-column-wrapper fusion-flex-justify-content-flex-start fusion-content-layout-column\"><div class=\"fusion-text fusion-text-1\"><p>A R\u00e1dio A Verdadeira Vida em Deus (AVVD) transmitiu pela primeira vez em Julho de 2004 as mensagens pela internet, \u00e9 uma r\u00e1dio Crist\u00e3 sem fins lucrativos, apoiada apenas por volunt\u00e1rios, a sua miss\u00e3o \u00e9 transmitir as mensagens de A Verdadeira Vida em Deus que Vassula Ryden tem recebido de Deus desde 1985.<\/p>\n<blockquote>\n<p>Em 30 de junho de 1990, o Senhor disse: \u201d Difunde a Minha Mensagem. Vem, que Eu Mesmo te darei meios para difundir a Minha Mensagem. Providenciarei por todas as necessidades, a seu tempo; Minha flor, espalha por toda a parte, o meu Perfume de incenso.\u201d<\/p>\n<\/blockquote>\n<p>Vassula fala sobre as mensagens: \u201cOs escritos inspirados ensinam os leitores a conhecer Deus e a compreend\u00ea-Lo. Muitas pessoas acreditam em Deus, mas n\u00e3o o compreendem, atrav\u00e9s destes escritos somos encorajados a ter um relacionamento \u00edntimo com Deus, que nos conduz \u00e0 uma vida unitiva com Ele. Unidos assim atrav\u00e9s do Esp\u00edrito Santo, em Cristo, os fi\u00e9is s\u00e3o convidados a viver uma \u00fanica vida, a vida em Cristo. \u201c<\/p>\n<\/div><\/div><\/div><\/div><\/div>\n","protected":false},"excerpt":{"rendered":"","protected":false},"author":48,"featured_media":0,"parent":0,"menu_order":0,"comment_status":"closed","ping_status":"closed","template":"","meta":{"footnotes":""},"class_list":["post-12061","page","type-page","status-publish","hentry"],"aioseo_notices":[],"jetpack_sharing_enabled":true,"_links":{"self":[{"href":"https:\/\/tligradio.org\/pt-pt\/wp-json\/wp\/v2\/pages\/12061","targetHints":{"allow":["GET"]}}],"collection":[{"href":"https:\/\/tligradio.org\/pt-pt\/wp-json\/wp\/v2\/pages"}],"about":[{"href":"https:\/\/tligradio.org\/pt-pt\/wp-json\/wp\/v2\/types\/page"}],"author":[{"embeddable":true,"href":"https:\/\/tligradio.org\/pt-pt\/wp-json\/wp\/v2\/users\/48"}],"replies":[{"embeddable":true,"href":"https:\/\/tligradio.org\/pt-pt\/wp-json\/wp\/v2\/comments?post=12061"}],"version-history":[{"count":0,"href":"https:\/\/tligradio.org\/pt-pt\/wp-json\/wp\/v2\/pages\/12061\/revisions"}],"wp:attachment":[{"href":"https:\/\/tligradio.org\/pt-pt\/wp-json\/wp\/v2\/media?parent=12061"}],"curies":[{"name":"wp","href":"https:\/\/api.w.org\/{rel}","templated":true}]}}