{"id":11443,"date":"2021-03-15T19:37:08","date_gmt":"2021-03-15T19:37:08","guid":{"rendered":"https:\/\/tligradio.org\/home\/"},"modified":"2025-12-07T20:28:11","modified_gmt":"2025-12-07T20:28:11","slug":"home","status":"publish","type":"page","link":"https:\/\/tligradio.org\/lv\/","title":{"rendered":"Home"},"content":{"rendered":"<p><div class=\"fusion-fullwidth fullwidth-box fusion-builder-row-1 fusion-flex-container fusion-parallax-none hundred-percent-fullwidth non-hundred-percent-height-scrolling lazyload\" style=\"--awb-background-position:left top;--awb-background-repeat:repeat;--awb-border-radius-top-left:0px;--awb-border-radius-top-right:0px;--awb-border-radius-bottom-right:0px;--awb-border-radius-bottom-left:0px;--awb-background-color:#eaeaea;--awb-flex-wrap:wrap;\" data-bg=\"https:\/\/tligradio.org\/test\/wp-content\/uploads\/sites\/38\/2018\/08\/texture-solid.png\" ><div class=\"fusion-builder-row fusion-row fusion-flex-align-items-flex-start fusion-flex-content-wrap\" style=\"width:104% !important;max-width:104% !important;margin-left: calc(-4% \/ 2 );margin-right: calc(-4% \/ 2 );\"><div class=\"fusion-layout-column fusion_builder_column fusion-builder-column-0 fusion_builder_column_1_1 1_1 fusion-flex-column fusion-flex-align-self-flex-start fusion-column-no-min-height fusion-no-small-visibility\" style=\"--awb-bg-size:cover;--awb-width-large:100%;--awb-margin-top-large:5px;--awb-spacing-right-large:1.92%;--awb-margin-bottom-large:5px;--awb-spacing-left-large:1.92%;--awb-width-medium:100%;--awb-spacing-right-medium:1.92%;--awb-spacing-left-medium:1.92%;--awb-width-small:100%;--awb-spacing-right-small:1.92%;--awb-spacing-left-small:1.92%;\"><div class=\"fusion-column-wrapper fusion-column-has-shadow fusion-flex-justify-content-center fusion-content-layout-column\"><div class=\"fusion-title title fusion-title-1 fusion-no-small-visibility fusion-sep-none fusion-title-center fusion-title-text fusion-title-size-three\" style=\"--awb-margin-bottom:0px;--awb-margin-top-small:0px;--awb-margin-right-small:0px;--awb-margin-bottom-small:20px;--awb-margin-left-small:0px;--awb-font-size:20px;\"><h3 class=\"fusion-title-heading title-heading-center fusion-responsive-typography-calculated\" style=\"margin:0;font-size:1em;--fontSize:20;--minFontSize:20;line-height:2;\">P\u0101rraida v\u0113st\u012bjumus, kurus Vassula R\u012bdena sa\u0146em no Dieva kop\u0161 1985.gada.<\/h3><\/div><\/div><\/div><div class=\"fusion-layout-column fusion_builder_column fusion-builder-column-1 fusion_builder_column_1_1 1_1 fusion-flex-column\" style=\"--awb-padding-top:10px;--awb-padding-top-small:30px;--awb-bg-size:cover;--awb-width-large:100%;--awb-margin-top-large:0px;--awb-spacing-right-large:1.92%;--awb-margin-bottom-large:0px;--awb-spacing-left-large:1.92%;--awb-width-medium:100%;--awb-spacing-right-medium:1.92%;--awb-spacing-left-medium:1.92%;--awb-width-small:100%;--awb-spacing-right-small:1.92%;--awb-spacing-left-small:1.92%;\"><div class=\"fusion-column-wrapper fusion-column-has-shadow fusion-flex-justify-content-center fusion-content-layout-row\"><div class=\"fusion-text fusion-text-1\"><div class=\"emp-live-stream-block\"><div class=\"emp-live-stream-player\" data-emp-autoplay=\"false\"><audio class=\"emp-live-audio\" src=\"https:\/\/stream.tligradio.org\/listen\/latvian\/radio.mp3\" preload=\"none\"><\/audio><div class=\"player-controls\"><button type=\"button\" class=\"play-pause-btn\"><span class=\"icon\">&#9658;<\/span><\/button><input type=\"range\" class=\"volume-slider\" min=\"0\" max=\"1\" step=\"0.01\" value=\"1\"><span class=\"live-timer\">LIVE<\/span><\/div><\/div><\/div>\n<\/div><\/div><\/div><div class=\"fusion-layout-column fusion_builder_column fusion-builder-column-2 fusion_builder_column_1_1 1_1 fusion-flex-column\" style=\"--awb-bg-size:cover;--awb-width-large:100%;--awb-margin-top-large:0px;--awb-spacing-right-large:1.92%;--awb-margin-bottom-large:10px;--awb-spacing-left-large:1.92%;--awb-width-medium:100%;--awb-order-medium:0;--awb-spacing-right-medium:1.92%;--awb-spacing-left-medium:1.92%;--awb-width-small:100%;--awb-order-small:0;--awb-spacing-right-small:1.92%;--awb-spacing-left-small:1.92%;\"><div class=\"fusion-column-wrapper fusion-column-has-shadow fusion-flex-justify-content-flex-start fusion-content-layout-column\"><div class=\"accordian fusion-accordian\" style=\"--awb-border-size:1px;--awb-icon-size:15px;--awb-content-font-size:16.5px;--awb-icon-alignment:left;--awb-hover-color:#efefef;--awb-border-color:#c9c9c9;--awb-background-color:rgba(196,196,196,0);--awb-divider-color:#e0dede;--awb-divider-hover-color:#e0dede;--awb-icon-color:#5e5e5e;--awb-title-color:#007070;--awb-content-color:#2e2e2e;--awb-icon-box-color:#333333;--awb-toggle-hover-accent-color:#3a3a3a;--awb-title-font-family:&quot;Open Sans&quot;;--awb-title-font-weight:400;--awb-title-font-style:normal;--awb-title-font-size:15px;--awb-content-font-family:&quot;Open Sans&quot;;--awb-content-font-style:normal;--awb-content-font-weight:400;\" id=\"alternative_ways_of_istening\"><div class=\"panel-group fusion-toggle-icon-unboxed\" id=\"accordion-11443-1\"><div class=\"fusion-panel panel-default panel-71c4096ac44a4adda fusion-toggle-no-divider\"><div class=\"panel-heading\"><h4 class=\"panel-title toggle\" id=\"toggle_71c4096ac44a4adda\"><a aria-expanded=\"false\" aria-controls=\"71c4096ac44a4adda\" role=\"button\" data-toggle=\"collapse\" data-parent=\"#accordion-11443-1\" data-target=\"#71c4096ac44a4adda\" href=\"#71c4096ac44a4adda\"><span class=\"fusion-toggle-icon-wrapper\" aria-hidden=\"true\"><i class=\"fa-fusion-box active-icon awb-icon-minus\" aria-hidden=\"true\"><\/i><i class=\"fa-fusion-box inactive-icon awb-icon-plus\" aria-hidden=\"true\"><\/i><\/span><span class=\"fusion-toggle-heading\">Citi veidi, k\u0101 klaus\u012bties<\/span><\/a><\/h4><\/div><div id=\"71c4096ac44a4adda\" class=\"panel-collapse collapse \" aria-labelledby=\"toggle_71c4096ac44a4adda\"><div class=\"panel-body toggle-content fusion-clearfix\">\r\n<div id=\"radio_directories\" style=\"text-align: center;\">\r\n<p style=\"text-align: center; margin-bottom: 5px;\">Paz\u012bstama radio vietne<\/p>\r\n\u00a0\r\n<div class=\"player_tunein\"><\/div>\r\n\u00a0\r\n<div class=\"player_streema\"><\/div>\r\n\u00a0\r\n<div id=\"alternate-standaloneplayers\">\r\n<p style=\"text-align: center; margin-bottom: 5px; margin-top: 30px;\">Lieto savu iecien\u012bto pleijeri<\/p>\r\n\u00a0\r\n<div class=\"player_itunes\"><\/div>\r\n\u00a0\r\n<div class=\"player_wmp\"><\/div>\r\n\u00a0\r\n<div class=\"player_real\"><\/div>\r\n\u00a0\r\n<div class=\"player_quicktime\"><\/div>\r\n\u00a0\r\n<div class=\"player_emblem-web\"><\/div>\r\n\u00a0\r\n\r\n<\/div>\r\n<\/div>\r\n<\/div><\/div><\/div><\/div><\/div><\/div><\/div><\/div><\/div><div class=\"fusion-fullwidth fullwidth-box fusion-builder-row-2 fusion-flex-container nonhundred-percent-fullwidth non-hundred-percent-height-scrolling\" style=\"--awb-border-radius-top-left:0px;--awb-border-radius-top-right:0px;--awb-border-radius-bottom-right:0px;--awb-border-radius-bottom-left:0px;--awb-flex-wrap:wrap;\" ><div class=\"fusion-builder-row fusion-row fusion-flex-align-items-flex-start fusion-flex-content-wrap\" style=\"max-width:998.4px;margin-left: calc(-4% \/ 2 );margin-right: calc(-4% \/ 2 );\"><div class=\"fusion-layout-column fusion_builder_column fusion-builder-column-3 fusion_builder_column_1_2 1_2 fusion-flex-column\" style=\"--awb-bg-size:cover;--awb-width-large:50%;--awb-margin-top-large:0px;--awb-spacing-right-large:3.84%;--awb-margin-bottom-large:5px;--awb-spacing-left-large:3.84%;--awb-width-medium:100%;--awb-spacing-right-medium:1.92%;--awb-spacing-left-medium:1.92%;--awb-width-small:100%;--awb-spacing-right-small:1.92%;--awb-spacing-left-small:1.92%;\"><div class=\"fusion-column-wrapper fusion-flex-justify-content-flex-start fusion-content-layout-column\"><div class=\"fusion-title title fusion-title-2 fusion-sep-none fusion-title-text fusion-title-size-one\" style=\"--awb-margin-top:20px;--awb-margin-bottom:7px;--awb-margin-top-small:0px;--awb-margin-right-small:0px;--awb-margin-bottom-small:20px;--awb-margin-left-small:0px;--awb-font-size:20px;\"><h1 class=\"fusion-title-heading title-heading-left fusion-responsive-typography-calculated\" style=\"margin:0;font-size:1em;--fontSize:20;--minFontSize:20;line-height:1.5;\">Jaun\u0101k\u0101s zi\u0146as<\/h1><\/div><div class=\"fusion-separator fusion-full-width-sep\" style=\"align-self: center;margin-left: auto;margin-right: auto;width:100%;\"><div class=\"fusion-separator-border sep-single sep-solid\" style=\"--awb-height:20px;--awb-amount:20px;--awb-sep-color:#dcdcdc;border-color:#dcdcdc;border-top-width:4px;\"><\/div><\/div><div style=\"text-align:center;\"><a class=\"fusion-button button-flat button-small button-lightgray fusion-button-lightgray button-1 fusion-button-default-span fusion-button-default-type home_more_news_prayers_buttons\" style=\"--button_margin-top:10px;\" target=\"_self\" href=\"https:\/\/tligradio.org\/lv\/news\/\"><i class=\"fa-book-reader fas awb-button__icon awb-button__icon--default button-icon-left\" aria-hidden=\"true\"><\/i><span class=\"fusion-button-text awb-button__text awb-button__text--default\">Vair\u0101k zi\u0146u<\/span><\/a><\/div><\/div><\/div><div class=\"fusion-layout-column fusion_builder_column fusion-builder-column-4 fusion_builder_column_1_2 1_2 fusion-flex-column\" style=\"--awb-bg-size:cover;--awb-width-large:50%;--awb-margin-top-large:0px;--awb-spacing-right-large:3.84%;--awb-margin-bottom-large:5px;--awb-spacing-left-large:3.84%;--awb-width-medium:100%;--awb-spacing-right-medium:1.92%;--awb-spacing-left-medium:1.92%;--awb-width-small:100%;--awb-spacing-right-small:1.92%;--awb-spacing-left-small:1.92%;\"><div class=\"fusion-column-wrapper fusion-flex-justify-content-flex-start fusion-content-layout-column\"><div class=\"fusion-title title fusion-title-3 fusion-sep-none fusion-title-text fusion-title-size-one\" style=\"--awb-margin-top:20px;--awb-margin-bottom:7px;--awb-margin-top-small:0px;--awb-margin-right-small:0px;--awb-margin-bottom-small:20px;--awb-margin-left-small:0px;--awb-font-size:20px;\"><h1 class=\"fusion-title-heading title-heading-left fusion-responsive-typography-calculated\" style=\"margin:0;font-size:1em;--fontSize:20;--minFontSize:20;line-height:1.5;\">L\u016bg\u0161anas<\/h1><\/div><div class=\"fusion-separator fusion-full-width-sep\" style=\"align-self: center;margin-left: auto;margin-right: auto;width:100%;\"><div class=\"fusion-separator-border sep-single sep-solid\" style=\"--awb-height:20px;--awb-amount:20px;--awb-sep-color:#dcdcdc;border-color:#dcdcdc;border-top-width:4px;\"><\/div><\/div><div class=\"fusion-text fusion-text-2\"><div class=\"fusion-recent-posts fusion-recent-posts-10 avada-container layout-default layout-columns-1\"><section class=\"fusion-columns columns fusion-columns-1 columns-1\"><article class=\"post fusion-column column col col-lg-12 col-md-12 col-sm-12\"><div class=\"recent-posts-content\"><span class=\"vcard\" style=\"display: none;\"><span class=\"fn\"><a href=\"https:\/\/tligradio.org\/lv\/author\/true-life-in-god-radio\/\" title=\"Posts by True Life in God Radio\" rel=\"author\">True Life in God Radio<\/a><\/span><\/span><span class=\"updated\" style=\"display:none;\">2016-02-13T00:00:00+00:00<\/span><h4 class=\"entry-title\"><a href=\"https:\/\/tligradio.org\/lv\/tlig_prayer\/yahweh-my-god-do-not-allow-the-evil-one-to-shed-our-blood-like-water\/\">Yahweh, my God,&#8230; do not allow the evil one to shed our blood like water;<\/a><\/h4><p class=\"meta\"><span class=\"vcard\" style=\"display: none;\"><span class=\"fn\"><a href=\"https:\/\/tligradio.org\/lv\/author\/true-life-in-god-radio\/\" title=\"Posts by True Life in God Radio\" rel=\"author\">True Life in God Radio<\/a><\/span><\/span><span class=\"updated\" style=\"display:none;\">2016-02-13T00:00:00+00:00<\/span><span>February 13th, 2016<\/span><span class=\"fusion-inline-sep\">|<\/span><span class=\"fusion-comments\"><a href=\"https:\/\/tligradio.org\/lv\/tlig_prayer\/yahweh-my-god-do-not-allow-the-evil-one-to-shed-our-blood-like-water\/#respond\">0 Comments<\/a><\/span><\/p><p>13 February 2016, the Lord gives the prayer: \"Yahweh, my God, let my prayer reach you, hear our cry of mercy and for help, forgive those who have no faith in You, my God, and [...]<\/p><\/div><\/article><article class=\"post fusion-column column col col-lg-12 col-md-12 col-sm-12\"><div class=\"recent-posts-content\"><span class=\"vcard\" style=\"display: none;\"><span class=\"fn\"><a href=\"https:\/\/tligradio.org\/lv\/author\/true-life-in-god-radio\/\" title=\"Posts by True Life in God Radio\" rel=\"author\">True Life in God Radio<\/a><\/span><\/span><span class=\"updated\" style=\"display:none;\">2009-11-28T00:00:00+00:00<\/span><h4 class=\"entry-title\"><a href=\"https:\/\/tligradio.org\/lv\/tlig_prayer\/tender-father-lash-not-your-wrath-on-this-generation\/\">Tender Father, lash not Your wrath on this generation<\/a><\/h4><p class=\"meta\"><span class=\"vcard\" style=\"display: none;\"><span class=\"fn\"><a href=\"https:\/\/tligradio.org\/lv\/author\/true-life-in-god-radio\/\" title=\"Posts by True Life in God Radio\" rel=\"author\">True Life in God Radio<\/a><\/span><\/span><span class=\"updated\" style=\"display:none;\">2009-11-28T00:00:00+00:00<\/span><span>November 28th, 2009<\/span><span class=\"fusion-inline-sep\">|<\/span><span class=\"fusion-comments\"><a href=\"https:\/\/tligradio.org\/lv\/tlig_prayer\/tender-father-lash-not-your-wrath-on-this-generation\/#respond\">0 Comments<\/a><\/span><\/p><p>28 November 2009, the Lord gives the prayer: Address Me [your name] in this way: Tender Father, lash not Your wrath on this generation, lest they perish altogether; Lash not on Your flock distress and [...]<\/p><\/div><\/article><article class=\"post fusion-column column col col-lg-12 col-md-12 col-sm-12\"><div class=\"recent-posts-content\"><span class=\"vcard\" style=\"display: none;\"><span class=\"fn\"><a href=\"https:\/\/tligradio.org\/lv\/author\/true-life-in-god-radio\/\" title=\"Posts by True Life in God Radio\" rel=\"author\">True Life in God Radio<\/a><\/span><\/span><span class=\"updated\" style=\"display:none;\">2006-11-13T00:00:00+00:00<\/span><h4 class=\"entry-title\"><a href=\"https:\/\/tligradio.org\/lv\/tlig_prayer\/lord-you-have-endured-me-all-these-years-with-my-sins-exorcism-prayer\/\">Lord, you have endured me all these years with my sins (exorcism prayer)<\/a><\/h4><p class=\"meta\"><span class=\"vcard\" style=\"display: none;\"><span class=\"fn\"><a href=\"https:\/\/tligradio.org\/lv\/author\/true-life-in-god-radio\/\" title=\"Posts by True Life in God Radio\" rel=\"author\">True Life in God Radio<\/a><\/span><\/span><span class=\"updated\" style=\"display:none;\">2006-11-13T00:00:00+00:00<\/span><span>November 13th, 2006<\/span><span class=\"fusion-inline-sep\">|<\/span><span class=\"fusion-comments\"><a href=\"https:\/\/tligradio.org\/lv\/tlig_prayer\/lord-you-have-endured-me-all-these-years-with-my-sins-exorcism-prayer\/#respond\">0 Comments<\/a><\/span><\/p><p>13 November 2006, the Lord gives the prayer: Lord, you have endured me all these years with my sins, but nonetheless You pitied me;I was led astray in every way, but now I will sin [...]<\/p><\/div><\/article><\/section><\/div>\n\n<\/div><div style=\"text-align:center;\"><a class=\"fusion-button button-flat fusion-button-default-size button-lightgray fusion-button-lightgray button-2 fusion-button-default-span fusion-button-default-type home_more_news_prayers_buttons\" style=\"--button_margin-top:10px;\" target=\"_self\" href=\"https:\/\/tligradio.org\/lv\/prayers\/\"><i class=\"fa-praying-hands fas awb-button__icon awb-button__icon--default button-icon-left\" aria-hidden=\"true\"><\/i><span class=\"fusion-button-text awb-button__text awb-button__text--default\">Vair\u0101k l\u016bg\u0161anu<\/span><\/a><\/div><\/div><\/div><div class=\"fusion-layout-column fusion_builder_column fusion-builder-column-5 fusion_builder_column_1_2 1_2 fusion-flex-column\" style=\"--awb-bg-size:cover;--awb-width-large:50%;--awb-margin-top-large:20px;--awb-spacing-right-large:3.84%;--awb-margin-bottom-large:15px;--awb-spacing-left-large:3.84%;--awb-width-medium:100%;--awb-order-medium:0;--awb-spacing-right-medium:1.92%;--awb-spacing-left-medium:1.92%;--awb-width-small:100%;--awb-order-small:0;--awb-spacing-right-small:1.92%;--awb-spacing-left-small:1.92%;\"><div class=\"fusion-column-wrapper fusion-column-has-shadow fusion-flex-justify-content-flex-start fusion-content-layout-column\"><div class=\"fusion-title title fusion-title-4 fusion-sep-none fusion-title-text fusion-title-size-one\" style=\"--awb-margin-top:20px;--awb-margin-bottom:7px;--awb-margin-top-small:0px;--awb-margin-right-small:0px;--awb-margin-bottom-small:20px;--awb-margin-left-small:0px;--awb-font-size:20px;\"><h1 class=\"fusion-title-heading title-heading-left fusion-responsive-typography-calculated\" style=\"margin:0;font-size:1em;--fontSize:20;--minFontSize:20;line-height:1.5;\">Abon\u0113jiet jaunumus<\/h1><\/div><div class=\"fusion-separator fusion-full-width-sep\" style=\"align-self: center;margin-left: auto;margin-right: auto;margin-bottom:15px;width:100%;\"><div class=\"fusion-separator-border sep-single sep-solid\" style=\"--awb-height:20px;--awb-amount:20px;--awb-sep-color:#dcdcdc;border-color:#dcdcdc;border-top-width:4px;\"><\/div><\/div><div class=\"fusion-widget fusion-widget-element fusion-widget-area fusion-content-widget-area wpWidget-1 jetpack_subscriptions_widget\" style=\"--awb-fusion-border-size:0px;--awb-fusion-border-style:solid;\"><div class=\"widget widget_blog_subscription jetpack_subscription_widget\"><div class=\"heading\"><h4 class=\"widget-title\"><\/h4><\/div>\n\t\t\t<div class=\"wp-block-jetpack-subscriptions__container\">\n\t\t\t<form action=\"#\" method=\"post\" accept-charset=\"utf-8\" id=\"subscribe-blog-1\"\n\t\t\t\tdata-blog=\"148146595\"\n\t\t\t\tdata-post_access_level=\"everybody\" >\n\t\t\t\t\t\t\t\t\t<div id=\"subscribe-text\"><p>Enter your email address to subscribe to this blog and receive notifications of new posts by email.<\/p>\n<\/div>\n\t\t\t\t\t\t\t\t\t\t<p id=\"subscribe-email\">\n\t\t\t\t\t\t<label id=\"jetpack-subscribe-label\"\n\t\t\t\t\t\t\tclass=\"screen-reader-text\"\n\t\t\t\t\t\t\tfor=\"subscribe-field-1\">\n\t\t\t\t\t\t\tEmail\t\t\t\t\t\t<\/label>\n\t\t\t\t\t\t<input type=\"email\" name=\"email\" autocomplete=\"email\" required=\"required\"\n\t\t\t\t\t\t\t\t\t\t\t\t\t\t\t\t\t\t\t\t\tvalue=\"\"\n\t\t\t\t\t\t\tid=\"subscribe-field-1\"\n\t\t\t\t\t\t\tplaceholder=\"Email\"\n\t\t\t\t\t\t\/>\n\t\t\t\t\t<\/p>\n\n\t\t\t\t\t<p id=\"subscribe-submit\"\n\t\t\t\t\t\t\t\t\t\t\t>\n\t\t\t\t\t\t<input type=\"hidden\" name=\"action\" value=\"subscribe\"\/>\n\t\t\t\t\t\t<input type=\"hidden\" name=\"source\" value=\"https:\/\/tligradio.org\/lv\/wp-json\/wp\/v2\/pages\/11443\"\/>\n\t\t\t\t\t\t<input type=\"hidden\" name=\"sub-type\" value=\"widget\"\/>\n\t\t\t\t\t\t<input type=\"hidden\" name=\"redirect_fragment\" value=\"subscribe-blog-1\"\/>\n\t\t\t\t\t\t<input type=\"hidden\" id=\"_wpnonce\" name=\"_wpnonce\" value=\"3239649fba\" \/><input type=\"hidden\" name=\"_wp_http_referer\" value=\"\/lv\/wp-json\/wp\/v2\/pages\/11443\" \/>\t\t\t\t\t\t<button type=\"submit\"\n\t\t\t\t\t\t\t\t\t\t\t\t\t\t\tclass=\"wp-block-button__link\"\n\t\t\t\t\t\t\t\t\t\t\t\t\t\t\t\t\t\t\t\t\tname=\"jetpack_subscriptions_widget\"\n\t\t\t\t\t\t>\n\t\t\t\t\t\t\tSubscribe\t\t\t\t\t\t<\/button>\n\t\t\t\t\t<\/p>\n\t\t\t\t\t\t\t<\/form>\n\t\t\t\t\t\t\t<div class=\"wp-block-jetpack-subscriptions__subscount\">\n\t\t\t\t\tJoin 396 other subscribers\t\t\t\t<\/div>\n\t\t\t\t\t\t<\/div>\n\t\t\t\n<\/div><\/div><\/div><\/div><div class=\"fusion-layout-column fusion_builder_column fusion-builder-column-6 fusion_builder_column_1_2 1_2 fusion-flex-column\" style=\"--awb-bg-size:cover;--awb-width-large:50%;--awb-margin-top-large:20px;--awb-spacing-right-large:3.84%;--awb-margin-bottom-large:15px;--awb-spacing-left-large:3.84%;--awb-width-medium:100%;--awb-order-medium:0;--awb-spacing-right-medium:1.92%;--awb-spacing-left-medium:1.92%;--awb-width-small:100%;--awb-order-small:0;--awb-spacing-right-small:1.92%;--awb-spacing-left-small:1.92%;\"><div class=\"fusion-column-wrapper fusion-column-has-shadow fusion-flex-justify-content-flex-start fusion-content-layout-column\"><div class=\"fusion-title title fusion-title-5 fusion-sep-none fusion-title-text fusion-title-size-one\" style=\"--awb-margin-top:20px;--awb-margin-bottom:7px;--awb-margin-top-small:0px;--awb-margin-right-small:0px;--awb-margin-bottom-small:20px;--awb-margin-left-small:0px;--awb-font-size:20px;\"><h1 class=\"fusion-title-heading title-heading-left fusion-responsive-typography-calculated\" style=\"margin:0;font-size:1em;--fontSize:20;--minFontSize:20;line-height:1.5;\">Ziedojumi un atbalsts<\/h1><\/div><div class=\"fusion-separator fusion-full-width-sep\" style=\"align-self: center;margin-left: auto;margin-right: auto;width:100%;\"><div class=\"fusion-separator-border sep-single sep-solid\" style=\"--awb-height:20px;--awb-amount:20px;--awb-sep-color:#dcdcdc;border-color:#dcdcdc;border-top-width:4px;\"><\/div><\/div><div style=\"text-align:center;\"><a class=\"fusion-button button-flat fusion-button-default-size button-lightgray fusion-button-lightgray button-3 fusion-button-default-span fusion-button-default-type home_more_news_prayers_buttons\" style=\"--button_margin-top:30px;\" target=\"_self\" href=\"https:\/\/tligradio.org\/lv\/donations-support\/\"><i class=\"fa-life-ring fas awb-button__icon awb-button__icon--default button-icon-left\" aria-hidden=\"true\"><\/i><span class=\"fusion-button-text awb-button__text awb-button__text--default\">Veiciet ziedojumu<\/span><\/a><\/div><\/div><\/div><\/div><\/div><\/p>\n","protected":false},"excerpt":{"rendered":"","protected":false},"author":48,"featured_media":0,"parent":0,"menu_order":0,"comment_status":"closed","ping_status":"closed","template":"100-width.php","meta":{"jetpack_post_was_ever_published":false,"footnotes":""},"class_list":["post-11443","page","type-page","status-publish","hentry"],"aioseo_notices":[],"jetpack_sharing_enabled":true,"_links":{"self":[{"href":"https:\/\/tligradio.org\/lv\/wp-json\/wp\/v2\/pages\/11443","targetHints":{"allow":["GET"]}}],"collection":[{"href":"https:\/\/tligradio.org\/lv\/wp-json\/wp\/v2\/pages"}],"about":[{"href":"https:\/\/tligradio.org\/lv\/wp-json\/wp\/v2\/types\/page"}],"author":[{"embeddable":true,"href":"https:\/\/tligradio.org\/lv\/wp-json\/wp\/v2\/users\/48"}],"replies":[{"embeddable":true,"href":"https:\/\/tligradio.org\/lv\/wp-json\/wp\/v2\/comments?post=11443"}],"version-history":[{"count":0,"href":"https:\/\/tligradio.org\/lv\/wp-json\/wp\/v2\/pages\/11443\/revisions"}],"wp:attachment":[{"href":"https:\/\/tligradio.org\/lv\/wp-json\/wp\/v2\/media?parent=11443"}],"curies":[{"name":"wp","href":"https:\/\/api.w.org\/{rel}","templated":true}]}}