{"id":11411,"date":"2021-03-15T19:27:57","date_gmt":"2021-03-15T19:27:57","guid":{"rendered":"https:\/\/tligradio.org\/about\/promote-true-life-in-god-radio\/"},"modified":"2021-03-15T19:27:57","modified_gmt":"2021-03-15T19:27:57","slug":"promote-true-life-in-god-radio","status":"publish","type":"page","link":"https:\/\/tligradio.org\/lv\/about\/promote-true-life-in-god-radio\/","title":{"rendered":"Promote True Life in God Radio"},"content":{"rendered":"<ul>\n<li>Lietojot interneta soci\u0101l\u0101s vietnes (draugiem.lv, FaceBook, Twitter u.c.), vari aicin\u0101t savus draugus klaus\u012bties PdzD radio.<\/li>\n<li>Parakstot savu e-pastu, pievieno saiti uz PdzD radio. Piem\u0113ram, paraksts var ietvert: \u201cKlausies Patiesas dz\u012bves Diev\u0101 radio www.tligradio.org\/lv2\u201d.<\/li>\n<li>Vari izveidot sarakstu ar adres\u0113m un s\u016bt\u012bt jaunumus par Patiesu dz\u012bvi Diev\u0101, lai cilv\u0113ki uzzina gan jaunumus, gan to, ka tev pat\u012bk klaus\u012bties Patiesas dz\u012bves Diev\u0101 radio. \u0145em v\u0113r\u0101, ka vairumam cilv\u0113ku nepat\u012bk las\u012bt garus e-pastus, t\u0101p\u0113c raksti \u012bsi.<\/li>\n<li>Izmanto rekl\u0101mas iesp\u0113jas: uzrakstu ar Patiesas dz\u012bves Diev\u0101 radio adresi www.tligradio.org\/lv2 var likt uz uzl\u012bm\u0113m, T-krekliem, flaieriem un izdal\u012bt tos cilv\u0113kiem. Ar\u012b viz\u012btkartes ar nor\u0101di uz Patiesas dz\u012bves Diev\u0101 radio un t\u0101 adresi internet\u0101 var b\u016bt noder\u012bgas.<\/li>\n<li>Vari sazin\u0101ties ar viet\u0113jiem medijiem, lai tie uzzina par Patiesas dz\u012bves Diev\u0101 radio<\/li>\n<\/ul>\n","protected":false},"excerpt":{"rendered":"<p>Lietojot interneta soci\u0101l\u0101s vietnes (draugiem.lv, FaceBook, Twitter u.c.), vari aicin\u0101t savus draugus klaus\u012bties PdzD radio. Parakstot savu e-pastu, pievieno saiti uz PdzD radio. Piem\u0113ram, paraksts var ietvert: \u201cKlausies Patiesas dz\u012bves Diev\u0101 radio www.tligradio.org\/lv2\u201d. Vari izveidot  [&#8230;]<\/p>\n","protected":false},"author":48,"featured_media":0,"parent":11408,"menu_order":0,"comment_status":"closed","ping_status":"closed","template":"","meta":{"jetpack_post_was_ever_published":false,"footnotes":""},"class_list":["post-11411","page","type-page","status-publish","hentry"],"aioseo_notices":[],"jetpack_sharing_enabled":true,"_links":{"self":[{"href":"https:\/\/tligradio.org\/lv\/wp-json\/wp\/v2\/pages\/11411","targetHints":{"allow":["GET"]}}],"collection":[{"href":"https:\/\/tligradio.org\/lv\/wp-json\/wp\/v2\/pages"}],"about":[{"href":"https:\/\/tligradio.org\/lv\/wp-json\/wp\/v2\/types\/page"}],"author":[{"embeddable":true,"href":"https:\/\/tligradio.org\/lv\/wp-json\/wp\/v2\/users\/48"}],"replies":[{"embeddable":true,"href":"https:\/\/tligradio.org\/lv\/wp-json\/wp\/v2\/comments?post=11411"}],"version-history":[{"count":0,"href":"https:\/\/tligradio.org\/lv\/wp-json\/wp\/v2\/pages\/11411\/revisions"}],"up":[{"embeddable":true,"href":"https:\/\/tligradio.org\/lv\/wp-json\/wp\/v2\/pages\/11408"}],"wp:attachment":[{"href":"https:\/\/tligradio.org\/lv\/wp-json\/wp\/v2\/media?parent=11411"}],"curies":[{"name":"wp","href":"https:\/\/api.w.org\/{rel}","templated":true}]}}