{"id":11408,"date":"2021-03-15T19:26:07","date_gmt":"2021-03-15T19:26:07","guid":{"rendered":"https:\/\/tligradio.org\/about\/"},"modified":"2021-03-15T19:26:10","modified_gmt":"2021-03-15T19:26:10","slug":"about","status":"publish","type":"page","link":"https:\/\/tligradio.org\/lv\/about\/","title":{"rendered":"About"},"content":{"rendered":"<div class=\"fusion-fullwidth fullwidth-box fusion-builder-row-1 fusion-flex-container nonhundred-percent-fullwidth non-hundred-percent-height-scrolling\" style=\"--awb-border-radius-top-left:0px;--awb-border-radius-top-right:0px;--awb-border-radius-bottom-right:0px;--awb-border-radius-bottom-left:0px;--awb-flex-wrap:wrap;\" ><div class=\"fusion-builder-row fusion-row fusion-flex-align-items-flex-start fusion-flex-content-wrap\" style=\"max-width:998.4px;margin-left: calc(-4% \/ 2 );margin-right: calc(-4% \/ 2 );\"><div class=\"fusion-layout-column fusion_builder_column fusion-builder-column-0 fusion_builder_column_1_1 1_1 fusion-flex-column\" style=\"--awb-bg-size:cover;--awb-width-large:100%;--awb-margin-top-large:0px;--awb-spacing-right-large:1.92%;--awb-margin-bottom-large:0px;--awb-spacing-left-large:1.92%;--awb-width-medium:100%;--awb-spacing-right-medium:1.92%;--awb-spacing-left-medium:1.92%;--awb-width-small:100%;--awb-spacing-right-small:1.92%;--awb-spacing-left-small:1.92%;\"><div class=\"fusion-column-wrapper fusion-flex-justify-content-flex-start fusion-content-layout-column\"><div class=\"fusion-text fusion-text-1\"><p>Patiesas dz\u012bves Diev\u0101 radio s\u0101ka pirmo reizi p\u0101rraid\u012bt internet\u0101 2004.gada j\u016blij\u0101. \u0160is ir bezpe\u013c\u0146as krist\u012bgs radio, ko atbalsta tikai br\u012bvpr\u0101t\u012bgie. T\u0101 misija ir p\u0101rraid\u012bt Patiesas dz\u012bves Diev\u0101 v\u0113st\u012bjumus, kurus Vassula R\u012bdena sa\u0146em no Dieva kop\u0161 1985.gada.<\/p>\n<blockquote>\n<p>1990.gada 30.j\u016bnij\u0101 Kungs saka: \u201cizplati (broadcast) Manu V\u0113st\u012bjumu; n\u0101c, Es pats tev do\u0161u tam l\u012bdzek\u013cus; Es apmierin\u0101\u0161u katru vajadz\u012bbu \u012bstaj\u0101 laik\u0101; ziedi\u0146, visur izplati Manu v\u012braka smar\u017eu;\u201d<\/p>\n<\/blockquote>\n<p>Vassula par V\u0113st\u012bjumiem: \u201cIedvesmotie teksti m\u0101ca las\u012bt\u0101jiem paz\u012bt Dievu un saprast Vi\u0146u. Daudzi cilv\u0113ki tic Dievam, bet nepaz\u012bst Dievu. \u0160ie teksti m\u016bs iedro\u0161ina b\u016bt tuv\u0101s, personisk\u0101s attiec\u012bb\u0101s ar Dievu, kuras m\u016bs vada vienot\u0101 dz\u012bv\u0113 kop\u0101 ar Vi\u0146u. T\u0101d\u0113j\u0101di apvienoti caur Sv\u0113to Garu, Krist\u016b, tic\u012bgie ir aicin\u0101ti dz\u012bvot vienu un to pa\u0161u dz\u012bvi, Kristus dz\u012bvi.\u201d<\/p>\n<\/div><\/div><\/div><\/div><\/div>\n","protected":false},"excerpt":{"rendered":"","protected":false},"author":48,"featured_media":0,"parent":0,"menu_order":0,"comment_status":"closed","ping_status":"closed","template":"","meta":{"jetpack_post_was_ever_published":false,"footnotes":""},"class_list":["post-11408","page","type-page","status-publish","hentry"],"aioseo_notices":[],"jetpack_sharing_enabled":true,"_links":{"self":[{"href":"https:\/\/tligradio.org\/lv\/wp-json\/wp\/v2\/pages\/11408","targetHints":{"allow":["GET"]}}],"collection":[{"href":"https:\/\/tligradio.org\/lv\/wp-json\/wp\/v2\/pages"}],"about":[{"href":"https:\/\/tligradio.org\/lv\/wp-json\/wp\/v2\/types\/page"}],"author":[{"embeddable":true,"href":"https:\/\/tligradio.org\/lv\/wp-json\/wp\/v2\/users\/48"}],"replies":[{"embeddable":true,"href":"https:\/\/tligradio.org\/lv\/wp-json\/wp\/v2\/comments?post=11408"}],"version-history":[{"count":0,"href":"https:\/\/tligradio.org\/lv\/wp-json\/wp\/v2\/pages\/11408\/revisions"}],"wp:attachment":[{"href":"https:\/\/tligradio.org\/lv\/wp-json\/wp\/v2\/media?parent=11408"}],"curies":[{"name":"wp","href":"https:\/\/api.w.org\/{rel}","templated":true}]}}