{"id":13048,"date":"2021-03-20T22:10:53","date_gmt":"2021-03-20T22:10:53","guid":{"rendered":"https:\/\/tligradio.org\/testimonies\/"},"modified":"2021-03-20T22:10:56","modified_gmt":"2021-03-20T22:10:56","slug":"testimonies","status":"publish","type":"page","link":"https:\/\/tligradio.org\/hr\/testimonies\/","title":{"rendered":"Testimonies"},"content":{"rendered":"<div class=\"fusion-fullwidth fullwidth-box fusion-builder-row-1 fusion-flex-container nonhundred-percent-fullwidth non-hundred-percent-height-scrolling\" style=\"--awb-border-radius-top-left:0px;--awb-border-radius-top-right:0px;--awb-border-radius-bottom-right:0px;--awb-border-radius-bottom-left:0px;--awb-flex-wrap:wrap;\" ><div class=\"fusion-builder-row fusion-row fusion-flex-align-items-flex-start fusion-flex-content-wrap\" style=\"max-width:998.4px;margin-left: calc(-4% \/ 2 );margin-right: calc(-4% \/ 2 );\"><div class=\"fusion-layout-column fusion_builder_column fusion-builder-column-0 fusion_builder_column_1_1 1_1 fusion-flex-column\" style=\"--awb-bg-size:cover;--awb-width-large:100%;--awb-margin-top-large:0px;--awb-spacing-right-large:1.92%;--awb-margin-bottom-large:0px;--awb-spacing-left-large:1.92%;--awb-width-medium:100%;--awb-spacing-right-medium:1.92%;--awb-spacing-left-medium:1.92%;--awb-width-small:100%;--awb-spacing-right-small:1.92%;--awb-spacing-left-small:1.92%;\"><div class=\"fusion-column-wrapper fusion-flex-justify-content-flex-start fusion-content-layout-column\"><div class=\"fusion-text fusion-text-1\"><p>Poruke od na\u0161ega Gospodina dane nam po Vassuli promijenile su moj duhovni \u017eivot! Duboko sam zahvalna \u0161to na neki na\u010din mogu uzvratiti za ovo predivno poslanje. Rije\u010di ne mogu izraziti koliko se moj odnos s Kristom produbio i procvjetao pod vo\u0111enjem Pravog \u017eivota u Bogu. Cynthia Dillard, USA, 2014<\/p>\n<p>Neka dragi Bog blagoslovi TLIG radio, zajedno s Vassulom Ryden, jer \u0161to se ti\u010de moje duhovnosti i vjere, Pravi \u017eivot u Bogu me je doveo iz daleka \u2026 Bog vas jo\u0161 jednom blagoslovio.<br \/>\nFrancis Mutava, Kenya, 2013<\/p>\n<p>Volim ovaj program, glasove koji mole kroz cijeli dan, pouke koje prodiru u dubinu moje du\u0161e te snagu i hrabrost koju primam. Moj \u017eivot se promijenio na bolje. Vi\u0161e se molim!<br \/>\nRoberta Sunnasy, South Africa, 2013<\/p>\n<p>Uvijek slu\u0161am TLIG radio i ja se vra\u0107am k Isusu i Crkvi zbog ovih poruka. Adriana Matias, Brazil, 2013<\/p>\n<\/div><\/div><\/div><\/div><\/div>\n","protected":false},"excerpt":{"rendered":"","protected":false},"author":48,"featured_media":0,"parent":0,"menu_order":3,"comment_status":"open","ping_status":"closed","template":"","meta":{"jetpack_post_was_ever_published":false,"footnotes":""},"class_list":["post-13048","page","type-page","status-publish","hentry"],"aioseo_notices":[],"jetpack_sharing_enabled":true,"_links":{"self":[{"href":"https:\/\/tligradio.org\/hr\/wp-json\/wp\/v2\/pages\/13048","targetHints":{"allow":["GET"]}}],"collection":[{"href":"https:\/\/tligradio.org\/hr\/wp-json\/wp\/v2\/pages"}],"about":[{"href":"https:\/\/tligradio.org\/hr\/wp-json\/wp\/v2\/types\/page"}],"author":[{"embeddable":true,"href":"https:\/\/tligradio.org\/hr\/wp-json\/wp\/v2\/users\/48"}],"replies":[{"embeddable":true,"href":"https:\/\/tligradio.org\/hr\/wp-json\/wp\/v2\/comments?post=13048"}],"version-history":[{"count":0,"href":"https:\/\/tligradio.org\/hr\/wp-json\/wp\/v2\/pages\/13048\/revisions"}],"wp:attachment":[{"href":"https:\/\/tligradio.org\/hr\/wp-json\/wp\/v2\/media?parent=13048"}],"curies":[{"name":"wp","href":"https:\/\/api.w.org\/{rel}","templated":true}]}}