{"id":13177,"date":"2021-03-21T14:52:19","date_gmt":"2021-03-21T14:52:19","guid":{"rendered":"https:\/\/tligradio.org\/testimonies\/"},"modified":"2021-03-21T14:52:22","modified_gmt":"2021-03-21T14:52:22","slug":"testimonies","status":"publish","type":"page","link":"https:\/\/tligradio.org\/fr\/testimonies\/","title":{"rendered":"Testimonies"},"content":{"rendered":"<div class=\"fusion-fullwidth fullwidth-box fusion-builder-row-1 fusion-flex-container nonhundred-percent-fullwidth non-hundred-percent-height-scrolling\" style=\"--awb-border-radius-top-left:0px;--awb-border-radius-top-right:0px;--awb-border-radius-bottom-right:0px;--awb-border-radius-bottom-left:0px;--awb-flex-wrap:wrap;\" ><div class=\"fusion-builder-row fusion-row fusion-flex-align-items-flex-start fusion-flex-content-wrap\" style=\"max-width:998.4px;margin-left: calc(-4% \/ 2 );margin-right: calc(-4% \/ 2 );\"><div class=\"fusion-layout-column fusion_builder_column fusion-builder-column-0 fusion_builder_column_1_1 1_1 fusion-flex-column\" style=\"--awb-bg-size:cover;--awb-width-large:100%;--awb-margin-top-large:0px;--awb-spacing-right-large:1.92%;--awb-margin-bottom-large:0px;--awb-spacing-left-large:1.92%;--awb-width-medium:100%;--awb-spacing-right-medium:1.92%;--awb-spacing-left-medium:1.92%;--awb-width-small:100%;--awb-spacing-right-small:1.92%;--awb-spacing-left-small:1.92%;\"><div class=\"fusion-column-wrapper fusion-flex-justify-content-flex-start fusion-content-layout-column\"><div class=\"fusion-text fusion-text-1\"><p>Bonjour \u00e0 toutes et \u00e0 tous, depuis le d\u00e9but du mois d\u2019octobre 2015, j\u2019\u00e9coute la radio de la Vraie Vie en Dieu tous les jours! Rien qu\u2019\u00e0 voir le site, \u00e7a a commenc\u00e9 \u00e0 me donner de la Joie dans le coeur! C\u2019est en \u00e9coutant les Messages, les conf\u00e9rences et les t\u00e9moignages tr\u00e8s touchants, \u2013 surtout un qui m\u2019a beaucoup parl\u00e9 et soutenu dans ma vie professionnelle, \u2013 que J\u00e9sus m\u2019a apport\u00e9 \u00e0 travers Ses Paroles et celles de Marie et des Saints, beaucoup de consolation et de r\u00e9confort! Et c\u2019est toujours des Messages que j\u2019ai besoin d\u2019entendre au moment pr\u00e9cis o\u00f9 j\u2019\u00e9coute la radio, pour continuer ma route toujours plus loin avec Lui.\u00a0Les chants de louanges et les musiques instrumentales me donnent envie de Le louer et de m\u00e9diter! Pendant le temps de mon \u00e9coute, je ne pense plus \u00e0 rien, ni \u00e0 moi, ni \u00e0 mes soucis mais \u00e0 J\u00e9sus SEUL!\u00a0C\u2019est de l\u00e0 qu\u2019est n\u00e9 en moi le d\u00e9sir d\u2019aider la Vraie Vie en Dieu m\u00eame par de petits moyens.\u00a0J\u2019ai donc commenc\u00e9 par partager beaucoup de Messages sur Facebook ainsi que les pages \u00e0 aimer et je continue et continuerai bien s\u00fbr! Merci J\u00e9sus et Sainte Marie! Amen! Sabrina Le Mou\u00ebl,\u00a0France, 2015<\/p>\n<p>\u201cJ\u2019ai d\u00e9j\u00e0 rencontr\u00e9 Vassula 2 fois. A 2 reprises, j\u2019ai vu les Yeux du Seigneur J\u00e9sus dans les yeux de Vassula, la 1\u00e8re fois \u00e0 Amsterdam puis \u00e0 Hiversum en Hollande. J\u2019ai eu cette gr\u00e2ce du Seigneur de conduire Vassula de Banneux (Belgique) \u00e0 Hilversum. J\u2019ai demand\u00e9 \u00e0 Vassula de prier pour mon fils Luc qui devais subir une op\u00e9ration du coeur tr\u00e8s grave. Vassula m\u2019a dit qu\u2019elle allait prier pour mon fils. L\u2019op\u00e9ration a tr\u00e8s bien r\u00e9ussie. Merci Vassula ! Merci J\u00e9sus!. J\u2019aime de livre bleu en fran\u00e7ais de la Vraie Vie en Dieu. Bien amicalement et en pri\u00e8re.\u201d Jean-Marie,\u00a0Hollande, 2015<\/p>\n<p>\u201cJ\u2019\u00e9coute la radio de la Vraie Vie en Dieu tous les jours, de m\u00eame que je relis le livre tous les jours . Cela m\u2019est indispensable dans ma vie quotidienne, dans l\u2019adversit\u00e9 elle me garde calme, dans la tristesse elle me redonne de la joie, dans la douleur elle me fait surmonter ma peine. Voil\u00e0 pourquoi j\u2019\u00e9coute cette radio; de plus cela devient aussi une pri\u00e8re incessante. Amen\u201d \u00a0Alice Chapeau ,\u00a0France, 2014<\/p>\n<p>\u201cIl y a un peu pr\u00e8s deux ans, j\u2019ai d\u00e9cid\u00e9 de cesser d\u2019aller \u00e0 l\u2019\u00e9glise catholique, j\u2019ai d\u00e9cid\u00e9 dans mon c\u0153ur de rechercher une autre \u00e9glise. C\u2019est avec cette soif que je cherchais. J\u2019ai alors trouv\u00e9 la station de radio de la Vraie Vie en Dieu. Il parlait de ne pas laisser tomber l\u2019\u00e9glise. Depuis, j\u2019ai \u00e9t\u00e9 saisi. Je suis retourn\u00e9 \u00e0 la confession et \u00e0 prendre tout cela s\u00e9rieusement. Cela m\u2019a beaucoup aid\u00e9.\u201d Alison Waggoner,\u00a0Indianan,\u00a0USA, 2013<\/p>\n<p>\u201cJe surfais sur le net quand je suis tomb\u00e9 sur la Vraie Vie en Dieu il y a quelques semaines. A peine ai-je cliqu\u00e9 qu\u2019il s\u2019est av\u00e9r\u00e9 \u00eatre pour moi une agr\u00e9able surprise !! Je suis maintenant accro, en fait, je suis \u00e0 l\u2019\u00e9coute de votre radio en ce moment m\u00eame, et je trouve le partage des Messages de Mme Vassula absolument stimulant et encourageant. Maintenant, je suis d\u00e9termin\u00e9 \u00e0 me rapprocher de Notre-Seigneur J\u00e9sus, je vous remercie pour cela. Que Dieu vous b\u00e9nisse tous.\u201d Mathew Morais,\u00a0Malaisie, 2012<\/p>\n<p>\u201cL\u2019\u00e9quipe de la Radio de la Vraie Vie en Dieu fait un travail fantastique. J\u2019ai \u00e9t\u00e9 amen\u00e9 \u00e0 vivre plus intimement avec le Christ gr\u00e2ce \u00e0 la radio Vraie Vie en Dieu! Je ne savais pas que J\u00e9sus voulait que ses agneaux prient \u00e9galement Maman Marie! Nous avons profond\u00e9ment compris ce que Notre Seigneur J\u00e9sus ressent pour Sa M\u00e8re \u00e0 travers les Messages diffus\u00e9s sur la Radio de la Vraie Vie en Dieu. Ceci m\u2019a amen\u00e9e plus pr\u00e8s de Maman Marie! Comprenant l\u2019importance de prier le Rosaire! Cela me donne la paix int\u00e9rieure! L\u2019\u00e9quipe de la radio de la Vraie Vie en Dieu fait un excellent travail pour r\u00e9pandre les Messages du Christ dans le monde!\u201d Tina,\u00a0Duba\u00ef, 2010<\/p>\n<p>\u201cJe vis en Allemagne et suis Ethiopienne Orthodoxe. J\u2019aime cette \u00e9mission de radio, j\u2019aime l\u2019entendre encore et encore. J\u2019apprends beaucoup de choses, que je ne comprenais pas avant. J\u2019aime aussi la musique. Je peux dire que je suis gu\u00e9ri par cette musique particuli\u00e8re. Je ne peux pas me d\u00e9tacher de \u201cLa Vraie Vie en Dieu\u201d. Que puis-je obtenir de plus! Que Dieu vous b\u00e9nisse.\u201d Hirut,\u00a0Allemagne, 2008<\/p>\n<\/div><\/div><\/div><\/div><\/div>\n","protected":false},"excerpt":{"rendered":"","protected":false},"author":48,"featured_media":0,"parent":0,"menu_order":3,"comment_status":"open","ping_status":"closed","template":"","meta":{"jetpack_post_was_ever_published":false,"footnotes":""},"class_list":["post-13177","page","type-page","status-publish","hentry"],"aioseo_notices":[],"jetpack_sharing_enabled":true,"_links":{"self":[{"href":"https:\/\/tligradio.org\/fr\/wp-json\/wp\/v2\/pages\/13177","targetHints":{"allow":["GET"]}}],"collection":[{"href":"https:\/\/tligradio.org\/fr\/wp-json\/wp\/v2\/pages"}],"about":[{"href":"https:\/\/tligradio.org\/fr\/wp-json\/wp\/v2\/types\/page"}],"author":[{"embeddable":true,"href":"https:\/\/tligradio.org\/fr\/wp-json\/wp\/v2\/users\/48"}],"replies":[{"embeddable":true,"href":"https:\/\/tligradio.org\/fr\/wp-json\/wp\/v2\/comments?post=13177"}],"version-history":[{"count":0,"href":"https:\/\/tligradio.org\/fr\/wp-json\/wp\/v2\/pages\/13177\/revisions"}],"wp:attachment":[{"href":"https:\/\/tligradio.org\/fr\/wp-json\/wp\/v2\/media?parent=13177"}],"curies":[{"name":"wp","href":"https:\/\/api.w.org\/{rel}","templated":true}]}}