{"id":13162,"date":"2021-03-21T14:45:03","date_gmt":"2021-03-21T14:45:03","guid":{"rendered":"https:\/\/tligradio.org\/about\/promote-true-life-in-god-radio\/"},"modified":"2021-03-21T14:52:49","modified_gmt":"2021-03-21T14:52:49","slug":"promote-true-life-in-god-radio","status":"publish","type":"page","link":"https:\/\/tligradio.org\/fr\/about\/promote-true-life-in-god-radio\/","title":{"rendered":"Promote True Life in God Radio"},"content":{"rendered":"<ul>\n<li>Visitez votre site social internet pr\u00e9f\u00e9r\u00e9 (FaceBook, Twitter, etc.) et invitez vos amis \u00e0 \u00e9couter la Radio de la VVD<\/li>\n<li>Envoyez des cartes de la Radio \u00e0 vos amis.\u00a0Les\u00a0cartes de la Radio doivent inclure le nom\u00a0\u00abradio VVD\u00bb ainsi que le site internet\u00a0<a href=\"http:\/\/www.tligradio.org\/\">www.tligradio.org<\/a><\/li>\n<li>Utilisez votre signature: Mettez un lien \u00e0 la radio de la VVD \u00e0 votre signature d\u2019email. Par exemple, votre signature peut \u00eatre comme suit: Branchez-vous sur le site de la radio VVD\u00a0<a href=\"http:\/\/www.tligradio.org\/\">www.tligradio.org<\/a><\/li>\n<li>Maintenez une liste de diffusion et envoyez des mises \u00e0 jour r\u00e9guli\u00e8res pour que les personnes sachent ce que vous \u00eates et comment vous appr\u00e9ciez \u00e9couter la radio de la VVD. ATTENTION: la plupart des personnes n\u2019aiment pas lire de longs e-mails, donc informez-les bri\u00e8vement!<\/li>\n<li>Faites de la publicit\u00e9 : imprimez le site de la radio\u00a0<a href=\"http:\/\/www.tliugradio.org\/\">www.tliugradio.org<\/a>\u00a0sur des autocollants, des t-shirts, des flayers, des stylos, etc et donnez les aux personnes.<\/li>\n<li>Contactez vos media locaux : Les journaux et les stations de t\u00e9l\u00e9vision vont appr\u00e9ciez votre d\u00e9marche.\u00a0Faites-leur savoir qui vous \u00eates et pourquoi vous aimez la Radio de la VVD. \u00cates-vous un b\u00e9n\u00e9vole pour la Radio de la VVD? Puis envoyez leur une photo de vous de vos actions de b\u00e9n\u00e9volats!<\/li>\n<\/ul>\n","protected":false},"excerpt":{"rendered":"<p>Visitez votre site social internet pr\u00e9f\u00e9r\u00e9 (FaceBook, Twitter, etc.) et invitez vos amis \u00e0 \u00e9couter la Radio de la VVD Envoyez des cartes de la Radio \u00e0 vos amis.\u00a0Les\u00a0cartes de la Radio doivent inclure le  [&#8230;]<\/p>\n","protected":false},"author":48,"featured_media":0,"parent":13159,"menu_order":0,"comment_status":"closed","ping_status":"closed","template":"","meta":{"jetpack_post_was_ever_published":false,"footnotes":""},"class_list":["post-13162","page","type-page","status-publish","hentry"],"aioseo_notices":[],"jetpack_sharing_enabled":true,"_links":{"self":[{"href":"https:\/\/tligradio.org\/fr\/wp-json\/wp\/v2\/pages\/13162","targetHints":{"allow":["GET"]}}],"collection":[{"href":"https:\/\/tligradio.org\/fr\/wp-json\/wp\/v2\/pages"}],"about":[{"href":"https:\/\/tligradio.org\/fr\/wp-json\/wp\/v2\/types\/page"}],"author":[{"embeddable":true,"href":"https:\/\/tligradio.org\/fr\/wp-json\/wp\/v2\/users\/48"}],"replies":[{"embeddable":true,"href":"https:\/\/tligradio.org\/fr\/wp-json\/wp\/v2\/comments?post=13162"}],"version-history":[{"count":0,"href":"https:\/\/tligradio.org\/fr\/wp-json\/wp\/v2\/pages\/13162\/revisions"}],"up":[{"embeddable":true,"href":"https:\/\/tligradio.org\/fr\/wp-json\/wp\/v2\/pages\/13159"}],"wp:attachment":[{"href":"https:\/\/tligradio.org\/fr\/wp-json\/wp\/v2\/media?parent=13162"}],"curies":[{"name":"wp","href":"https:\/\/api.w.org\/{rel}","templated":true}]}}