{"id":13159,"date":"2021-03-21T14:44:27","date_gmt":"2021-03-21T14:44:27","guid":{"rendered":"https:\/\/tligradio.org\/about\/"},"modified":"2021-03-21T14:44:32","modified_gmt":"2021-03-21T14:44:32","slug":"about","status":"publish","type":"page","link":"https:\/\/tligradio.org\/fr\/about\/","title":{"rendered":"About"},"content":{"rendered":"<div class=\"fusion-fullwidth fullwidth-box fusion-builder-row-1 fusion-flex-container nonhundred-percent-fullwidth non-hundred-percent-height-scrolling\" style=\"--awb-border-radius-top-left:0px;--awb-border-radius-top-right:0px;--awb-border-radius-bottom-right:0px;--awb-border-radius-bottom-left:0px;--awb-flex-wrap:wrap;\" ><div class=\"fusion-builder-row fusion-row fusion-flex-align-items-flex-start fusion-flex-content-wrap\" style=\"max-width:998.4px;margin-left: calc(-4% \/ 2 );margin-right: calc(-4% \/ 2 );\"><div class=\"fusion-layout-column fusion_builder_column fusion-builder-column-0 fusion_builder_column_1_1 1_1 fusion-flex-column\" style=\"--awb-bg-size:cover;--awb-width-large:100%;--awb-margin-top-large:0px;--awb-spacing-right-large:1.92%;--awb-margin-bottom-large:0px;--awb-spacing-left-large:1.92%;--awb-width-medium:100%;--awb-spacing-right-medium:1.92%;--awb-spacing-left-medium:1.92%;--awb-width-small:100%;--awb-spacing-right-small:1.92%;--awb-spacing-left-small:1.92%;\"><div class=\"fusion-column-wrapper fusion-flex-justify-content-flex-start fusion-content-layout-column\"><div class=\"fusion-text fusion-text-1\"><p>La radio de la Vraie Vie en Dieu (VVD) a commenc\u00e9 les premi\u00e8res diffusions sur Internet en juillet 2004. C\u2019est une radio chr\u00e9tienne \u00e0 but non lucratif (pris en charge uniquement par des b\u00e9n\u00e9voles) et son but est de diffuser les Messages de la Vraie Vie en Dieu que Vassula Ryden re\u00e7oit de Dieu depuis 1985.<\/p>\n<blockquote>\n<p>Le 30 juin 1990, le Seigneur dit: \u201cDiffuse Mon Message. Viens, Je te donnerai les moyens de diffuser Mon Message. Je suppl\u00e9erai \u00e0 chaque besoin en temps utile. Ma fleur, r\u00e9pands Mon parfum d\u2019encens de tous c\u00f4t\u00e9s.\u201d<\/p>\n<\/blockquote>\n<p>Vassula dit \u00e0 propos des Messages: \u201cLes \u00e9crits inspir\u00e9s enseignent aux lecteurs \u00e0 conna\u00eetre Dieu et \u00e0 Le comprendre. Beaucoup de personnes croient en Dieu, mais ne connaissent pas Dieu, les Messages nous encouragent \u00e0 avoir une relation intime avec Dieu, qui nous conduit \u00e0 une vie conjointe avec Lui. Unis par l\u2019Esprit Saint, dans le Christ, les fid\u00e8les sont convi\u00e9s \u00e0 vivre une seule et m\u00eame vie, la vie du Christ\u201d<\/p>\n<\/div><\/div><\/div><\/div><\/div>\n","protected":false},"excerpt":{"rendered":"","protected":false},"author":48,"featured_media":0,"parent":0,"menu_order":0,"comment_status":"closed","ping_status":"closed","template":"","meta":{"jetpack_post_was_ever_published":false,"footnotes":""},"class_list":["post-13159","page","type-page","status-publish","hentry"],"aioseo_notices":[],"jetpack_sharing_enabled":true,"_links":{"self":[{"href":"https:\/\/tligradio.org\/fr\/wp-json\/wp\/v2\/pages\/13159","targetHints":{"allow":["GET"]}}],"collection":[{"href":"https:\/\/tligradio.org\/fr\/wp-json\/wp\/v2\/pages"}],"about":[{"href":"https:\/\/tligradio.org\/fr\/wp-json\/wp\/v2\/types\/page"}],"author":[{"embeddable":true,"href":"https:\/\/tligradio.org\/fr\/wp-json\/wp\/v2\/users\/48"}],"replies":[{"embeddable":true,"href":"https:\/\/tligradio.org\/fr\/wp-json\/wp\/v2\/comments?post=13159"}],"version-history":[{"count":0,"href":"https:\/\/tligradio.org\/fr\/wp-json\/wp\/v2\/pages\/13159\/revisions"}],"wp:attachment":[{"href":"https:\/\/tligradio.org\/fr\/wp-json\/wp\/v2\/media?parent=13159"}],"curies":[{"name":"wp","href":"https:\/\/api.w.org\/{rel}","templated":true}]}}