{"id":12514,"date":"2021-03-18T15:38:28","date_gmt":"2021-03-18T15:38:28","guid":{"rendered":"https:\/\/tligradio.org\/about\/promote-true-life-in-god-radio\/"},"modified":"2021-03-18T15:38:28","modified_gmt":"2021-03-18T15:38:28","slug":"promote-true-life-in-god-radio","status":"publish","type":"page","link":"https:\/\/tligradio.org\/es\/about\/promote-true-life-in-god-radio\/","title":{"rendered":"Promote True Life in God Radio"},"content":{"rendered":"<ul>\n<li>Visita tus redes sociales favoritas (Facebook, Twitter, etc.) e invita a tus amigos a escuchar Radio VVeD.<\/li>\n<li>Env\u00eda Tarjetas de Radio a tus amigos. Las Tarjetas de Radio deben incluir el nombre Radio VVeD y el sitio de Internet www.tligradio.org.<\/li>\n<li>Saca provecho de tu firma electr\u00f3nica: Incluye un v\u00ednculo a la Radio VVeD en tu firma de correo electr\u00f3nico. Por ejemplo, tu firma puede decir: Sintoniza la estaci\u00f3n de Radio VVeD www.tligradio.org<\/li>\n<li>Mant\u00e9n una lista de correos electr\u00f3nicos y env\u00eda actualizaciones peri\u00f3dicas para dar a conocer que disfrutas escuchar Radio VVeD. ATENCI\u00d3N: a la mayor\u00eda de la gente no le gusta leer correos largos, as\u00ed que no te extiendas mucho.<\/li>\n<li>Haz art\u00edculos promocionales: Utiliza la direcci\u00f3n de la Radio www.tligradio.org en stickers, playeras, volantes, plumas, etc.<\/li>\n<li>Contacta a los medios locales: a los peri\u00f3dicos y las estaciones de televisi\u00f3n les encanta escuchar del p\u00fablico. Diles qui\u00e9n eres y por qu\u00e9 te gusta Radio VVeD. \u00bfEres voluntario de la Radio VVeD? Entonces \u00a1m\u00e1ndales tu foto mientras est\u00e1s en acci\u00f3n!<\/li>\n<\/ul>\n","protected":false},"excerpt":{"rendered":"<p>Visita tus redes sociales favoritas (Facebook, Twitter, etc.) e invita a tus amigos a escuchar Radio VVeD. Env\u00eda Tarjetas de Radio a tus amigos. Las Tarjetas de Radio deben incluir el nombre Radio VVeD y  [&#8230;]<\/p>\n","protected":false},"author":48,"featured_media":0,"parent":12511,"menu_order":0,"comment_status":"closed","ping_status":"closed","template":"","meta":{"jetpack_post_was_ever_published":false,"footnotes":""},"class_list":["post-12514","page","type-page","status-publish","hentry"],"aioseo_notices":[],"jetpack_sharing_enabled":true,"_links":{"self":[{"href":"https:\/\/tligradio.org\/es\/wp-json\/wp\/v2\/pages\/12514","targetHints":{"allow":["GET"]}}],"collection":[{"href":"https:\/\/tligradio.org\/es\/wp-json\/wp\/v2\/pages"}],"about":[{"href":"https:\/\/tligradio.org\/es\/wp-json\/wp\/v2\/types\/page"}],"author":[{"embeddable":true,"href":"https:\/\/tligradio.org\/es\/wp-json\/wp\/v2\/users\/48"}],"replies":[{"embeddable":true,"href":"https:\/\/tligradio.org\/es\/wp-json\/wp\/v2\/comments?post=12514"}],"version-history":[{"count":0,"href":"https:\/\/tligradio.org\/es\/wp-json\/wp\/v2\/pages\/12514\/revisions"}],"up":[{"embeddable":true,"href":"https:\/\/tligradio.org\/es\/wp-json\/wp\/v2\/pages\/12511"}],"wp:attachment":[{"href":"https:\/\/tligradio.org\/es\/wp-json\/wp\/v2\/media?parent=12514"}],"curies":[{"name":"wp","href":"https:\/\/api.w.org\/{rel}","templated":true}]}}