{"id":12511,"date":"2021-03-18T15:37:33","date_gmt":"2021-03-18T15:37:33","guid":{"rendered":"https:\/\/tligradio.org\/about\/"},"modified":"2021-03-18T15:37:39","modified_gmt":"2021-03-18T15:37:39","slug":"about","status":"publish","type":"page","link":"https:\/\/tligradio.org\/es\/about\/","title":{"rendered":"About"},"content":{"rendered":"<div class=\"fusion-fullwidth fullwidth-box fusion-builder-row-1 fusion-flex-container nonhundred-percent-fullwidth non-hundred-percent-height-scrolling\" style=\"--awb-border-radius-top-left:0px;--awb-border-radius-top-right:0px;--awb-border-radius-bottom-right:0px;--awb-border-radius-bottom-left:0px;--awb-flex-wrap:wrap;\" ><div class=\"fusion-builder-row fusion-row fusion-flex-align-items-flex-start fusion-flex-content-wrap\" style=\"max-width:998.4px;margin-left: calc(-4% \/ 2 );margin-right: calc(-4% \/ 2 );\"><div class=\"fusion-layout-column fusion_builder_column fusion-builder-column-0 fusion_builder_column_1_1 1_1 fusion-flex-column\" style=\"--awb-bg-size:cover;--awb-width-large:100%;--awb-margin-top-large:0px;--awb-spacing-right-large:1.92%;--awb-margin-bottom-large:0px;--awb-spacing-left-large:1.92%;--awb-width-medium:100%;--awb-spacing-right-medium:1.92%;--awb-spacing-left-medium:1.92%;--awb-width-small:100%;--awb-spacing-right-small:1.92%;--awb-spacing-left-small:1.92%;\"><div class=\"fusion-column-wrapper fusion-flex-justify-content-flex-start fusion-content-layout-column\"><div class=\"fusion-text fusion-text-1\"><p>Radio Verdadera Vida en Dios (VVeD) se transmiti\u00f3 por primera vez al aire en julio de 2004. Es una radio Cristiana sin fines de lucro, apoyada \u00fanicamente por voluntarios. Su misi\u00f3n es difundir los Mensajes de la Verdadera Vida en Dios que Vassula Ryd\u00e9n recibe, por parte de Dios, desde 1985.<\/p>\n<blockquote>\n<p>El 30 de junio de 1990, el Se\u00f1or dijo: \u201cDifunde Mi Mensaje; ven, Yo te dar\u00e9 los medios de difundir Mi Mensaje; Yo proveer\u00e9 cada necesidad a su debido tiempo, esparce Mi fragancia de incienso en el extranjero.\u201d<\/p>\n<\/blockquote>\n<p>Vassula dice acerca de los Mensajes: \u201cLos alentadores escritos ense\u00f1an a los lectores a conocer a Dios y a entenderlo. Mucha gente cree en Dios, pero no conocen a Dios. As\u00ed que los Mensajes nos alientan a tener una relaci\u00f3n \u00edntima con Dios, que nos conduce a una vida de unidad con \u00c9l. As\u00ed, unidos a trav\u00e9s del Esp\u00edritu Santo, en Cristo, los fieles est\u00e1n invitados a vivir una y la misma vida, la vida de Cristo\u201d.<\/p>\n<\/div><\/div><\/div><\/div><\/div>\n","protected":false},"excerpt":{"rendered":"","protected":false},"author":48,"featured_media":0,"parent":0,"menu_order":0,"comment_status":"closed","ping_status":"closed","template":"","meta":{"jetpack_post_was_ever_published":false,"footnotes":""},"class_list":["post-12511","page","type-page","status-publish","hentry"],"aioseo_notices":[],"jetpack_sharing_enabled":true,"_links":{"self":[{"href":"https:\/\/tligradio.org\/es\/wp-json\/wp\/v2\/pages\/12511","targetHints":{"allow":["GET"]}}],"collection":[{"href":"https:\/\/tligradio.org\/es\/wp-json\/wp\/v2\/pages"}],"about":[{"href":"https:\/\/tligradio.org\/es\/wp-json\/wp\/v2\/types\/page"}],"author":[{"embeddable":true,"href":"https:\/\/tligradio.org\/es\/wp-json\/wp\/v2\/users\/48"}],"replies":[{"embeddable":true,"href":"https:\/\/tligradio.org\/es\/wp-json\/wp\/v2\/comments?post=12511"}],"version-history":[{"count":0,"href":"https:\/\/tligradio.org\/es\/wp-json\/wp\/v2\/pages\/12511\/revisions"}],"wp:attachment":[{"href":"https:\/\/tligradio.org\/es\/wp-json\/wp\/v2\/media?parent=12511"}],"curies":[{"name":"wp","href":"https:\/\/api.w.org\/{rel}","templated":true}]}}