{"id":11596,"date":"2021-03-16T15:59:41","date_gmt":"2021-03-16T15:59:41","guid":{"rendered":"https:\/\/tligradio.org\/about\/promote-true-life-in-god-radio\/"},"modified":"2021-03-16T15:59:41","modified_gmt":"2021-03-16T15:59:41","slug":"promote-true-life-in-god-radio","status":"publish","type":"page","link":"https:\/\/tligradio.org\/de\/about\/promote-true-life-in-god-radio\/","title":{"rendered":"Promote True Life in God Radio"},"content":{"rendered":"<ul>\n<li>Besuchen Sie Ihr Lieblings-Sozialnetzwerk (Facebook, Twitter, etc.) und laden Sie Freunde ein, TLIG Radio zu h\u00f6ren.<\/li>\n<li>Senden Sie Radio-Karten zu Ihren Freunden. Radio-Karten m\u00fcssen den Namen \u201cTLIG Radio\u201d und die Webadresse www.tligradio.org enthalten.<\/li>\n<li>Arbeiten Sie mit einem Unterschriftenzusatz: Setzen Sie einen Link f\u00fcr TLIG Radio an Ihre email-Unterschrift. Ihre Unterschrift kann zum Beispiel sein: Stellen Sie die TLIG Radio station ein: www.tligradio.org<\/li>\n<li>Pflegen Sie eine Kontaktliste, die Sie regelm\u00e4\u00dfig updaten und lassen Sie die Leute wissen, was Sie gerade vorhaben und wie sie selbst gerade TLIG Radio genie\u00dfen.<br \/>\nAchtung! Die meisten Leute lesen nicht gerne langen emails. Deshalb halten Sie sich kurz!<\/li>\n<li>Bezeichnen Sie Werbematerial. Kleben Sie die Radioadresse www.tlig.org auf Sticker, Flyer, T-Shirts, Stifte usw. und geben Sie diese den Leuten.<\/li>\n<li>Kontaktieren Sie Ihre \u00f6rtlichen Medien: Die Zeitungen und Fernsehstationen werden Ihren Beitrag lieben! Lassen Sie sie wissen, wer Sie sind und warum Sie TLIG Radio m\u00f6gen. Sind Sie ein Freiwilliger f\u00fcr TLIG Radio? Senden Sie Ihnen ein Foto von sich bei Ihrer Freiwilligenarbeit!<\/li>\n<\/ul>\n","protected":false},"excerpt":{"rendered":"<p>Besuchen Sie Ihr Lieblings-Sozialnetzwerk (Facebook, Twitter, etc.) und laden Sie Freunde ein, TLIG Radio zu h\u00f6ren. Senden Sie Radio-Karten zu Ihren Freunden. Radio-Karten m\u00fcssen den Namen \u201cTLIG Radio\u201d und die Webadresse www.tligradio.org enthalten. Arbeiten Sie  [&#8230;]<\/p>\n","protected":false},"author":48,"featured_media":0,"parent":11593,"menu_order":0,"comment_status":"closed","ping_status":"closed","template":"","meta":{"jetpack_post_was_ever_published":false,"footnotes":""},"class_list":["post-11596","page","type-page","status-publish","hentry"],"aioseo_notices":[],"jetpack_sharing_enabled":true,"_links":{"self":[{"href":"https:\/\/tligradio.org\/de\/wp-json\/wp\/v2\/pages\/11596","targetHints":{"allow":["GET"]}}],"collection":[{"href":"https:\/\/tligradio.org\/de\/wp-json\/wp\/v2\/pages"}],"about":[{"href":"https:\/\/tligradio.org\/de\/wp-json\/wp\/v2\/types\/page"}],"author":[{"embeddable":true,"href":"https:\/\/tligradio.org\/de\/wp-json\/wp\/v2\/users\/48"}],"replies":[{"embeddable":true,"href":"https:\/\/tligradio.org\/de\/wp-json\/wp\/v2\/comments?post=11596"}],"version-history":[{"count":0,"href":"https:\/\/tligradio.org\/de\/wp-json\/wp\/v2\/pages\/11596\/revisions"}],"up":[{"embeddable":true,"href":"https:\/\/tligradio.org\/de\/wp-json\/wp\/v2\/pages\/11593"}],"wp:attachment":[{"href":"https:\/\/tligradio.org\/de\/wp-json\/wp\/v2\/media?parent=11596"}],"curies":[{"name":"wp","href":"https:\/\/api.w.org\/{rel}","templated":true}]}}