{"id":11593,"date":"2021-03-16T15:58:33","date_gmt":"2021-03-16T15:58:33","guid":{"rendered":"https:\/\/tligradio.org\/about\/"},"modified":"2021-03-16T15:58:37","modified_gmt":"2021-03-16T15:58:37","slug":"about","status":"publish","type":"page","link":"https:\/\/tligradio.org\/de\/about\/","title":{"rendered":"About"},"content":{"rendered":"<div class=\"fusion-fullwidth fullwidth-box fusion-builder-row-1 fusion-flex-container nonhundred-percent-fullwidth non-hundred-percent-height-scrolling\" style=\"--awb-border-radius-top-left:0px;--awb-border-radius-top-right:0px;--awb-border-radius-bottom-right:0px;--awb-border-radius-bottom-left:0px;--awb-flex-wrap:wrap;\" ><div class=\"fusion-builder-row fusion-row fusion-flex-align-items-flex-start fusion-flex-content-wrap\" style=\"max-width:998.4px;margin-left: calc(-4% \/ 2 );margin-right: calc(-4% \/ 2 );\"><div class=\"fusion-layout-column fusion_builder_column fusion-builder-column-0 fusion_builder_column_1_1 1_1 fusion-flex-column\" style=\"--awb-bg-size:cover;--awb-width-large:100%;--awb-margin-top-large:0px;--awb-spacing-right-large:1.92%;--awb-margin-bottom-large:0px;--awb-spacing-left-large:1.92%;--awb-width-medium:100%;--awb-spacing-right-medium:1.92%;--awb-spacing-left-medium:1.92%;--awb-width-small:100%;--awb-spacing-right-small:1.92%;--awb-spacing-left-small:1.92%;\"><div class=\"fusion-column-wrapper fusion-flex-justify-content-flex-start fusion-content-layout-column\"><div class=\"fusion-text fusion-text-1\"><p>Wahres Leben in Gott (WLiG) Radio wurde zum ersten Mal im Juli 2004 \u00fcber das Internet gesendet. Es ist ein christlicher Non-Profit Radiosender, der nur von Freiwilligen getragen wird. Seine Mission ist es, die Wahres Leben in Gott Botschaften auszustrahlen, die Vassula Ryden seit 1985 von Gott emf\u00e4ngt.<\/p>\n<blockquote>\n<p>Am 30. Juni 1990 sagte der Herr: \u201cSende Meine Botschaft; Komm, Ich will dir die Mittel dazu geben, Meine Botschaft zu verbreiten; Ich will jeder Not zur rechten Zeit abhelfen; Blume, verbreite Meinen Duft des Weihrauchs \u00fcber alle Grenzen hinweg.\u201d<\/p>\n<\/blockquote>\n<p>Vassula sagt \u00fcber die Botschaften: \u201cDie inspirierten Schriften lehren die Leser, Gott kennen- und verstehen zu lernen. Viele Menschen glauben an Gott, kennen Ihn aber nicht, so werden wir ermutigt, eine vertraute Beziehung mit Gott zu pflegen, die uns zu einem vereinten Leben mit Ihm f\u00fchrt. So vereint durch den Heiligen Geist in Christus wird den Gl\u00e4ubigen angeboten, ein und dasselbe Leben zu f\u00fchren, das Christus-Leben.\u201d<\/p>\n<\/div><\/div><\/div><\/div><\/div>\n","protected":false},"excerpt":{"rendered":"","protected":false},"author":48,"featured_media":0,"parent":0,"menu_order":0,"comment_status":"closed","ping_status":"closed","template":"","meta":{"jetpack_post_was_ever_published":false,"footnotes":""},"class_list":["post-11593","page","type-page","status-publish","hentry"],"aioseo_notices":[],"jetpack_sharing_enabled":true,"_links":{"self":[{"href":"https:\/\/tligradio.org\/de\/wp-json\/wp\/v2\/pages\/11593","targetHints":{"allow":["GET"]}}],"collection":[{"href":"https:\/\/tligradio.org\/de\/wp-json\/wp\/v2\/pages"}],"about":[{"href":"https:\/\/tligradio.org\/de\/wp-json\/wp\/v2\/types\/page"}],"author":[{"embeddable":true,"href":"https:\/\/tligradio.org\/de\/wp-json\/wp\/v2\/users\/48"}],"replies":[{"embeddable":true,"href":"https:\/\/tligradio.org\/de\/wp-json\/wp\/v2\/comments?post=11593"}],"version-history":[{"count":0,"href":"https:\/\/tligradio.org\/de\/wp-json\/wp\/v2\/pages\/11593\/revisions"}],"wp:attachment":[{"href":"https:\/\/tligradio.org\/de\/wp-json\/wp\/v2\/media?parent=11593"}],"curies":[{"name":"wp","href":"https:\/\/api.w.org\/{rel}","templated":true}]}}