{"id":11971,"date":"2021-03-16T19:39:10","date_gmt":"2021-03-16T19:39:10","guid":{"rendered":"https:\/\/tligradio.org\/about\/"},"modified":"2021-03-16T19:39:15","modified_gmt":"2021-03-16T19:39:15","slug":"about","status":"publish","type":"page","link":"https:\/\/tligradio.org\/cs\/about\/","title":{"rendered":"About"},"content":{"rendered":"<div class=\"fusion-fullwidth fullwidth-box fusion-builder-row-1 fusion-flex-container nonhundred-percent-fullwidth non-hundred-percent-height-scrolling\" style=\"--awb-border-radius-top-left:0px;--awb-border-radius-top-right:0px;--awb-border-radius-bottom-right:0px;--awb-border-radius-bottom-left:0px;--awb-flex-wrap:wrap;\" ><div class=\"fusion-builder-row fusion-row fusion-flex-align-items-flex-start fusion-flex-content-wrap\" style=\"max-width:998.4px;margin-left: calc(-4% \/ 2 );margin-right: calc(-4% \/ 2 );\"><div class=\"fusion-layout-column fusion_builder_column fusion-builder-column-0 fusion_builder_column_1_1 1_1 fusion-flex-column\" style=\"--awb-bg-size:cover;--awb-width-large:100%;--awb-margin-top-large:0px;--awb-spacing-right-large:1.92%;--awb-margin-bottom-large:0px;--awb-spacing-left-large:1.92%;--awb-width-medium:100%;--awb-spacing-right-medium:1.92%;--awb-spacing-left-medium:1.92%;--awb-width-small:100%;--awb-spacing-right-small:1.92%;--awb-spacing-left-small:1.92%;\"><div class=\"fusion-column-wrapper fusion-flex-justify-content-flex-start fusion-content-layout-column\"><div class=\"fusion-text fusion-text-1\"><p>R\u00e1dio Opravdov\u00e9ho \u017eivota v Bohu (TLIG) vys\u00edl\u00e1 na internetu od \u010dervna 2004. Jedn\u00e1 se o k\u0159es\u0165ansk\u00e9 r\u00e1dio, kter\u00e9 nen\u00ed zalo\u017een\u00e9 za \u00fa\u010delem zisku a je podporov\u00e1no \u010dinnost\u00ed dobrovoln\u00edk\u016f. Posl\u00e1n\u00edm R\u00e1dia je vys\u00edlat poselstv\u00ed Opravdov\u00e9ho \u017eivota v Bohu, kter\u00e1 od roku 1985 p\u0159ij\u00edm\u00e1 od Boha Vassula Ryd\u00e9n.<\/p>\n<blockquote>\n<p>30. \u010dervna 1990 P\u00e1n \u0159ekl: \u201crozhla\u0161uj M\u00e9 Poselstv\u00ed. Poj\u010f, d\u00e1m ti prost\u0159edky, jak \u0161\u00ed\u0159it M\u00e9 Poselstv\u00ed. V\u0161echno ti poskytnu v prav\u00fd \u010das. Kv\u011btino, roz\u0161i\u0159uj ve sv\u011bt\u011b Mou v\u016fni kadidla.\u201d<\/p>\n<\/blockquote>\n<p>Vassula se vyj\u00e1d\u0159ila o poselstv\u00edch: \u201eTyto inspirovan\u00e9 spisy u\u010d\u00ed \u010dten\u00e1\u0159e zn\u00e1t Boha a rozum\u011bt Mu. Mnoho lid\u00ed v\u011b\u0159\u00ed v Boha, ale neznaj\u00ed Ho. Proto n\u00e1s maj\u00ed tato poselstv\u00ed povzbudit k d\u016fv\u011brn\u00e9mu vztahu s Bohem, kter\u00fd n\u00e1s vede, abychom s N\u00edm spojili sv\u016fj \u017eivot. Takto sjednoceni skrze Ducha Svat\u00e9ho v Kristu jsou v\u011b\u0159\u00edc\u00ed vyb\u00edzeni, aby \u017eili jeden a ten sam\u00fd \u017eivot \u2013 Krist\u016fv \u017eivot<\/p>\n<\/div><\/div><\/div><\/div><\/div>\n","protected":false},"excerpt":{"rendered":"","protected":false},"author":48,"featured_media":0,"parent":0,"menu_order":0,"comment_status":"closed","ping_status":"closed","template":"","meta":{"jetpack_post_was_ever_published":false,"footnotes":""},"class_list":["post-11971","page","type-page","status-publish","hentry"],"aioseo_notices":[],"jetpack_sharing_enabled":true,"_links":{"self":[{"href":"https:\/\/tligradio.org\/cs\/wp-json\/wp\/v2\/pages\/11971","targetHints":{"allow":["GET"]}}],"collection":[{"href":"https:\/\/tligradio.org\/cs\/wp-json\/wp\/v2\/pages"}],"about":[{"href":"https:\/\/tligradio.org\/cs\/wp-json\/wp\/v2\/types\/page"}],"author":[{"embeddable":true,"href":"https:\/\/tligradio.org\/cs\/wp-json\/wp\/v2\/users\/48"}],"replies":[{"embeddable":true,"href":"https:\/\/tligradio.org\/cs\/wp-json\/wp\/v2\/comments?post=11971"}],"version-history":[{"count":0,"href":"https:\/\/tligradio.org\/cs\/wp-json\/wp\/v2\/pages\/11971\/revisions"}],"wp:attachment":[{"href":"https:\/\/tligradio.org\/cs\/wp-json\/wp\/v2\/media?parent=11971"}],"curies":[{"name":"wp","href":"https:\/\/api.w.org\/{rel}","templated":true}]}}